{"id":1709,"date":"2026-01-06T10:49:52","date_gmt":"2026-01-06T13:49:52","guid":{"rendered":"https:\/\/aguasegura.com\/?page_id=1709"},"modified":"2026-01-06T11:45:00","modified_gmt":"2026-01-06T14:45:00","slug":"privacy-policy","status":"publish","type":"page","link":"https:\/\/aguasegura.com\/es\/privacy-policy\/","title":{"rendered":"Pol\u00edtica de Privacidad"},"content":{"rendered":"<div data-elementor-type=\"wp-page\" data-elementor-id=\"1709\" class=\"elementor elementor-1709\" data-elementor-post-type=\"page\">\n\t\t\t\t<div class=\"elementor-element elementor-element-97399dc e-flex e-con-boxed e-con e-parent\" data-id=\"97399dc\" data-element_type=\"container\">\n\t\t\t\t\t<div class=\"e-con-inner\">\n\t\t\t\t<div class=\"elementor-element elementor-element-e0a3e56 elementor-widget elementor-widget-heading\" data-id=\"e0a3e56\" data-element_type=\"widget\" data-widget_type=\"heading.default\">\n\t\t\t\t<div class=\"elementor-widget-container\">\n\t\t\t\t\t<h1 class=\"elementor-heading-title elementor-size-default\">Pol\u00edtica de Privacidad<\/h1>\t\t\t\t<\/div>\n\t\t\t\t<\/div>\n\t\t\t\t<div class=\"elementor-element elementor-element-80078c9 elementor-widget elementor-widget-heading\" data-id=\"80078c9\" data-element_type=\"widget\" data-widget_type=\"heading.default\">\n\t\t\t\t<div class=\"elementor-widget-container\">\n\t\t\t\t\t<p class=\"elementor-heading-title elementor-size-default\">\u00daltima actualizaci\u00f3n: 05\/01\/2026<\/p>\t\t\t\t<\/div>\n\t\t\t\t<\/div>\n\t\t\t\t<div class=\"elementor-element elementor-element-80b06a8 elementor-widget elementor-widget-text-editor\" data-id=\"80b06a8\" data-element_type=\"widget\" data-widget_type=\"text-editor.default\">\n\t\t\t\t<div class=\"elementor-widget-container\">\n\t\t\t\t\t\t\t\t\t<p><span style=\"font-weight: 300;\">En Agua Segura valoramos la privacidad de las personas que visitan nuestro sitio web<\/span><a href=\"https:\/\/aguasegura.com\/es\/?utm_source=chatgpt.com\"> <span style=\"font-weight: 300;\">https:\/\/aguasegura.com\/<\/span><\/a><span style=\"font-weight: 300;\">. Esta Pol\u00edtica de Privacidad describe c\u00f3mo recopilamos, utilizamos y protegemos los datos personales que se obtienen a trav\u00e9s del sitio.<\/span><\/p>\t\t\t\t\t\t\t\t<\/div>\n\t\t\t\t<\/div>\n\t\t\t\t<div class=\"elementor-element elementor-element-c86acac elementor-widget elementor-widget-text-editor\" data-id=\"c86acac\" data-element_type=\"widget\" data-widget_type=\"text-editor.default\">\n\t\t\t\t<div class=\"elementor-widget-container\">\n\t\t\t\t\t\t\t\t\t<h3><span style=\"font-weight: 400;\">1. Responsable del tratamiento<\/span><\/h3><p><span style=\"font-weight: 300;\">El responsable del tratamiento de los datos personales es <\/span><span style=\"font-weight: 400;\">Agua Segura<\/span><span style=\"font-weight: 300;\">.<\/span><\/p><h3><span style=\"font-weight: 400;\">2. Datos personales que recopilamos<\/span><\/h3><p><span style=\"font-weight: 300;\">Recopilamos informaci\u00f3n que los usuarios proporcionan voluntariamente al completar formularios de contacto, solicitar informaci\u00f3n o comunicarse con nosotros. Los datos pueden incluir nombre, correo electr\u00f3nico, organizaci\u00f3n, tel\u00e9fono y cualquier otra informaci\u00f3n que el usuario decida compartir.<\/span><\/p><h3><span style=\"font-weight: 400;\">3. Finalidad del tratamiento<\/span><\/h3><p><span style=\"font-weight: 300;\">Los datos personales se utilizan para:<\/span><\/p><ul><li style=\"font-weight: 300;\" aria-level=\"1\"><span style=\"font-weight: 300;\">responder consultas y solicitudes de informaci\u00f3n;<\/span><\/li><li style=\"font-weight: 300;\" aria-level=\"1\"><span style=\"font-weight: 300;\">gestionar contactos institucionales, proyectos o reuniones;<\/span><\/li><li style=\"font-weight: 300;\" aria-level=\"1\"><span style=\"font-weight: 300;\">enviar comunicaciones informativas, cuando el usuario lo haya autorizado;<\/span><\/li><li style=\"font-weight: 300;\" aria-level=\"1\"><span style=\"font-weight: 300;\">mejorar el contenido y funcionamiento del sitio web;<\/span><\/li><li style=\"font-weight: 300;\" aria-level=\"1\"><span style=\"font-weight: 300;\">cumplir obligaciones legales aplicables.<\/span><\/li><\/ul><h3><span style=\"font-weight: 400;\">4. Cookies y datos de navegaci\u00f3n<\/span><\/h3><p><span style=\"font-weight: 300;\">El sitio puede utilizar cookies y tecnolog\u00edas similares para analizar el uso del sitio y mejorar la experiencia de navegaci\u00f3n. El usuario puede configurar su navegador para rechazar o limitar el uso de cookies.<\/span><\/p><h3><span style=\"font-weight: 400;\">5. Comunicaci\u00f3n de datos a terceros<\/span><\/h3><p><span style=\"font-weight: 300;\">Agua Segura no vende ni comercializa datos personales. Los datos podr\u00e1n ser compartidos \u00fanicamente con proveedores de servicios que colaboren en la operaci\u00f3n del sitio o cuando sea requerido por la ley.<\/span><\/p><h3><span style=\"font-weight: 400;\">6. Seguridad de la informaci\u00f3n<\/span><\/h3><p><span style=\"font-weight: 300;\">Adoptamos medidas razonables para proteger los datos personales contra accesos no autorizados, p\u00e9rdida o uso indebido.<\/span><\/p><h3><span style=\"font-weight: 400;\">7. Conservaci\u00f3n de los datos<\/span><\/h3><p><span style=\"font-weight: 300;\">Los datos personales se conservar\u00e1n \u00fanicamente durante el tiempo necesario para cumplir con las finalidades para las que fueron recopilados o seg\u00fan lo exija la normativa vigente.<\/span><\/p><h3><span style=\"font-weight: 400;\">8. Derechos de los usuarios<\/span><\/h3><p><span style=\"font-weight: 300;\">Los usuarios pueden solicitar el acceso, rectificaci\u00f3n o eliminaci\u00f3n de sus datos personales, as\u00ed como oponerse a su tratamiento, contact\u00e1ndose a trav\u00e9s de los canales habilitados por Agua Segura.<\/span><\/p><h3><span style=\"font-weight: 400;\">9. Modificaciones<\/span><\/h3><p><span style=\"font-weight: 300;\">Agua Segura se reserva el derecho de modificar esta Pol\u00edtica de Privacidad. Cualquier cambio ser\u00e1 publicado en el sitio web.<\/span><\/p><h3><span style=\"font-weight: 400;\">10. Contacto<\/span><\/h3><p><span style=\"font-weight: 300;\">Para consultas relacionadas con esta Pol\u00edtica de Privacidad, pod\u00e9s escribirnos a:<\/span><span style=\"font-weight: 300;\"><br \/><\/span><span style=\"font-weight: 300;\">info@aguasegura.com<\/span><\/p>\t\t\t\t\t\t\t\t<\/div>\n\t\t\t\t<\/div>\n\t\t\t\t\t<\/div>\n\t\t\t\t<\/div>\n\t\t\t\t<\/div>","protected":false},"excerpt":{"rendered":"<p>Last updated: 01\/05\/2026 At Agua Segura, we value the privacy of those who visit our website https:\/\/aguasegura.com\/. This Privacy Policy explains how we collect, use and protect personal data obtained through the website. 1. Data Controller The entity responsible for the processing of personal data is Agua Segura. 2. Personal Data We Collect We collect &#8230; <a title=\"Pol\u00edtica de Privacidad\" class=\"read-more\" href=\"https:\/\/aguasegura.com\/es\/privacy-policy\/\" aria-label=\"Leer m\u00e1s sobre Privacy Policy\">Leer m\u00e1s<\/a><\/p>","protected":false},"author":1,"featured_media":0,"parent":0,"menu_order":0,"comment_status":"closed","ping_status":"closed","template":"","meta":{"_acf_changed":false,"iawp_total_views":31,"footnotes":""},"class_list":["post-1709","page","type-page","status-publish"],"acf":[],"_links":{"self":[{"href":"https:\/\/aguasegura.com\/es\/wp-json\/wp\/v2\/pages\/1709","targetHints":{"allow":["GET"]}}],"collection":[{"href":"https:\/\/aguasegura.com\/es\/wp-json\/wp\/v2\/pages"}],"about":[{"href":"https:\/\/aguasegura.com\/es\/wp-json\/wp\/v2\/types\/page"}],"author":[{"embeddable":true,"href":"https:\/\/aguasegura.com\/es\/wp-json\/wp\/v2\/users\/1"}],"replies":[{"embeddable":true,"href":"https:\/\/aguasegura.com\/es\/wp-json\/wp\/v2\/comments?post=1709"}],"version-history":[{"count":0,"href":"https:\/\/aguasegura.com\/es\/wp-json\/wp\/v2\/pages\/1709\/revisions"}],"wp:attachment":[{"href":"https:\/\/aguasegura.com\/es\/wp-json\/wp\/v2\/media?parent=1709"}],"curies":[{"name":"wp","href":"https:\/\/api.w.org\/{rel}","templated":true}]}}