{"id":35,"date":"2024-08-11T20:48:29","date_gmt":"2024-08-11T23:48:29","guid":{"rendered":"https:\/\/aguasegura.com\/?page_id=35"},"modified":"2024-08-15T10:35:02","modified_gmt":"2024-08-15T13:35:02","slug":"companies","status":"publish","type":"page","link":"https:\/\/aguasegura.com\/es\/companies\/","title":{"rendered":"Empresas"},"content":{"rendered":"<div data-elementor-type=\"wp-page\" data-elementor-id=\"35\" class=\"elementor elementor-35\" data-elementor-post-type=\"page\">\n\t\t\t\t<div class=\"elementor-element elementor-element-8c2d845 e-flex e-con-boxed e-con e-parent\" data-id=\"8c2d845\" data-element_type=\"container\" data-settings=\"{&quot;background_background&quot;:&quot;classic&quot;}\">\n\t\t\t\t\t<div class=\"e-con-inner\">\n\t\t\t\t<div class=\"elementor-element elementor-element-fd02775 elementor-widget__width-initial elementor-widget elementor-widget-heading\" data-id=\"fd02775\" data-element_type=\"widget\" data-widget_type=\"heading.default\">\n\t\t\t\t<div class=\"elementor-widget-container\">\n\t\t\t\t\t<h2 class=\"elementor-heading-title elementor-size-default\"><span style=\"font-weight:600\">Agua Segura<\/span> acompa\u00f1a a las\u00a0 empresas que desean tener <span style=\"font-weight:600\">un impacto positivo en el agua<\/span><\/h2>\t\t\t\t<\/div>\n\t\t\t\t<\/div>\n\t\t\t\t\t<\/div>\n\t\t\t\t<\/div>\n\t\t<div class=\"elementor-element elementor-element-88e3c3c e-flex e-con-boxed e-con e-parent\" data-id=\"88e3c3c\" data-element_type=\"container\">\n\t\t\t\t\t<div class=\"e-con-inner\">\n\t\t<div class=\"elementor-element elementor-element-c4b273c e-con-full e-flex e-con e-child\" data-id=\"c4b273c\" data-element_type=\"container\">\n\t\t<div class=\"elementor-element elementor-element-0a52831 e-con-full e-flex e-con e-child\" data-id=\"0a52831\" data-element_type=\"container\" data-settings=\"{&quot;background_background&quot;:&quot;classic&quot;}\">\n\t\t\t\t<div class=\"elementor-element elementor-element-fec56e1 elementor-widget elementor-widget-heading\" data-id=\"fec56e1\" data-element_type=\"widget\" data-widget_type=\"heading.default\">\n\t\t\t\t<div class=\"elementor-widget-container\">\n\t\t\t\t\t<h3 class=\"elementor-heading-title elementor-size-default\">La gesti\u00f3n del agua es fundamental para los negocios\n<\/h3>\t\t\t\t<\/div>\n\t\t\t\t<\/div>\n\t\t\t\t<div class=\"elementor-element elementor-element-0a77db5 elementor-widget elementor-widget-text-editor\" data-id=\"0a77db5\" data-element_type=\"widget\" data-widget_type=\"text-editor.default\">\n\t\t\t\t<div class=\"elementor-widget-container\">\n\t\t\t\t\t\t\t\t\t<p><span style=\"font-weight: 400;\">Implementar y comunicar los esfuerzos de eficiencia del agua puede posicionar a las empresas como l\u00edderes en su comunidad, adem\u00e1s de lograr ahorros de costos, aumentar la ventaja competitiva y reducir riesgos asociados con la escasez de agua. <\/span><\/p>\t\t\t\t\t\t\t\t<\/div>\n\t\t\t\t<\/div>\n\t\t\t\t<div class=\"elementor-element elementor-element-bbbc04b elementor-widget elementor-widget-text-editor\" data-id=\"bbbc04b\" data-element_type=\"widget\" data-widget_type=\"text-editor.default\">\n\t\t\t\t<div class=\"elementor-widget-container\">\n\t\t\t\t\t\t\t\t\t<p><strong>Water Sense at Work, EPA<\/strong><\/p><p>(United States Environmental Protection Agency)<\/p>\t\t\t\t\t\t\t\t<\/div>\n\t\t\t\t<\/div>\n\t\t\t\t<\/div>\n\t\t\t\t<div class=\"elementor-element elementor-element-58edc23 elementor-widget elementor-widget-image\" data-id=\"58edc23\" data-element_type=\"widget\" data-widget_type=\"image.default\">\n\t\t\t\t<div class=\"elementor-widget-container\">\n\t\t\t\t\t\t\t\t\t\t\t\t\t\t\t<img fetchpriority=\"high\" decoding=\"async\" width=\"1536\" height=\"1152\" src=\"https:\/\/aguasegura.com\/wp-content\/uploads\/agua-para-el-planeta2-1-1536x1152.jpg\" class=\"attachment-1536x1536 size-1536x1536 wp-image-734\" alt=\"\" srcset=\"https:\/\/aguasegura.com\/wp-content\/uploads\/agua-para-el-planeta2-1-1536x1152.jpg 1536w, https:\/\/aguasegura.com\/wp-content\/uploads\/agua-para-el-planeta2-1-768x576.jpg 768w, https:\/\/aguasegura.com\/wp-content\/uploads\/agua-para-el-planeta2-1-2048x1536.jpg 2048w\" sizes=\"(max-width: 1536px) 100vw, 1536px\" \/>\t\t\t\t\t\t\t\t\t\t\t\t\t\t\t<\/div>\n\t\t\t\t<\/div>\n\t\t<div class=\"elementor-element elementor-element-b207856 e-con-full e-flex e-con e-child\" data-id=\"b207856\" data-element_type=\"container\" data-settings=\"{&quot;background_background&quot;:&quot;classic&quot;}\">\n\t\t\t\t<div class=\"elementor-element elementor-element-f7c34b9 elementor-widget elementor-widget-text-editor\" data-id=\"f7c34b9\" data-element_type=\"widget\" data-widget_type=\"text-editor.default\">\n\t\t\t\t<div class=\"elementor-widget-container\">\n\t\t\t\t\t\t\t\t\t<p><span style=\"font-weight: 400;\">Las acciones del sector privado en relaci\u00f3n con el agua son fundamentales para abordar el estr\u00e9s h\u00eddrico global. Los problemas de seguridad h\u00eddrica presentan a las empresas nuevas oportunidades: aumentar la eficiencia, ayudar a mitigar los riesgos operativos y regulatorios, desarrollar cadenas de suministro seguras y fortalecer la licencia social para operar.<\/span><\/p>\t\t\t\t\t\t\t\t<\/div>\n\t\t\t\t<\/div>\n\t\t\t\t<\/div>\n\t\t\t\t<\/div>\n\t\t<div class=\"elementor-element elementor-element-06629e9 e-con-full e-flex e-con e-child\" data-id=\"06629e9\" data-element_type=\"container\">\n\t\t<div class=\"elementor-element elementor-element-d0b68cd e-con-full e-flex e-con e-child\" data-id=\"d0b68cd\" data-element_type=\"container\" data-settings=\"{&quot;background_background&quot;:&quot;classic&quot;}\">\n\t\t\t\t<div class=\"elementor-element elementor-element-14ad4f4 elementor-widget elementor-widget-heading\" data-id=\"14ad4f4\" data-element_type=\"widget\" data-widget_type=\"heading.default\">\n\t\t\t\t<div class=\"elementor-widget-container\">\n\t\t\t\t\t<h3 class=\"elementor-heading-title elementor-size-default\">El efecto multiplicador de las inversiones relacionadas con el agua<\/h3>\t\t\t\t<\/div>\n\t\t\t\t<\/div>\n\t\t\t\t<div class=\"elementor-element elementor-element-f504486 elementor-widget elementor-widget-text-editor\" data-id=\"f504486\" data-element_type=\"widget\" data-widget_type=\"text-editor.default\">\n\t\t\t\t<div class=\"elementor-widget-container\">\n\t\t\t\t\t\t\t\t\t<p><span style=\"font-weight: 400;\">Las acciones para abordar la crisis del agua tienen un efecto multiplicador, resultando en un conjunto m\u00e1s amplio de beneficios para la salud p\u00fablica, la reducci\u00f3n de la pobreza, la creaci\u00f3n de empleo, la seguridad alimentaria, la mitigaci\u00f3n y adaptaci\u00f3n al clima, la biodiversidad y la protecci\u00f3n de los ecosistemas.<\/span><\/p>\t\t\t\t\t\t\t\t<\/div>\n\t\t\t\t<\/div>\n\t\t\t\t<\/div>\n\t\t\t\t<div class=\"elementor-element elementor-element-5e3d66d elementor-widget elementor-widget-image\" data-id=\"5e3d66d\" data-element_type=\"widget\" data-widget_type=\"image.default\">\n\t\t\t\t<div class=\"elementor-widget-container\">\n\t\t\t\t\t\t\t\t\t\t\t\t\t\t\t<img decoding=\"async\" width=\"792\" height=\"432\" src=\"https:\/\/aguasegura.com\/wp-content\/uploads\/GRAF-ODS-ESPANOL.png\" class=\"attachment-1536x1536 size-1536x1536 wp-image-733\" alt=\"\" srcset=\"https:\/\/aguasegura.com\/wp-content\/uploads\/GRAF-ODS-ESPANOL.png 792w, https:\/\/aguasegura.com\/wp-content\/uploads\/GRAF-ODS-ESPANOL-768x419.png 768w\" sizes=\"(max-width: 792px) 100vw, 792px\" \/>\t\t\t\t\t\t\t\t\t\t\t\t\t\t\t<\/div>\n\t\t\t\t<\/div>\n\t\t\t\t<\/div>\n\t\t\t\t\t<\/div>\n\t\t\t\t<\/div>\n\t\t<div class=\"elementor-element elementor-element-88f6333 e-flex e-con-boxed e-con e-parent\" data-id=\"88f6333\" data-element_type=\"container\" data-settings=\"{&quot;background_background&quot;:&quot;classic&quot;}\">\n\t\t\t\t\t<div class=\"e-con-inner\">\n\t\t<div class=\"elementor-element elementor-element-887337d e-con-full e-flex e-con e-child\" data-id=\"887337d\" data-element_type=\"container\" data-settings=\"{&quot;background_background&quot;:&quot;classic&quot;}\">\n\t\t\t\t<div class=\"elementor-element elementor-element-d0632dc elementor-widget elementor-widget-heading\" data-id=\"d0632dc\" data-element_type=\"widget\" data-widget_type=\"heading.default\">\n\t\t\t\t<div class=\"elementor-widget-container\">\n\t\t\t\t\t<h3 class=\"elementor-heading-title elementor-size-default\">\u00bfPor qu\u00e9 trabajar con Agua Segura\n<\/h3>\t\t\t\t<\/div>\n\t\t\t\t<\/div>\n\t\t\t\t<div class=\"elementor-element elementor-element-29f0895 elementor-widget elementor-widget-text-editor\" data-id=\"29f0895\" data-element_type=\"widget\" data-widget_type=\"text-editor.default\">\n\t\t\t\t<div class=\"elementor-widget-container\">\n\t\t\t\t\t\t\t\t\t<p><span style=\"font-weight: 400;\">Ayudamos a las empresas a mitigar su huella h\u00eddrica a trav\u00e9s de programas de <strong>water replenishment<\/strong> y acceso a agua que generan un impacto positivo en la eficiencia del recurso, la salud de las cuencas y las comunidades.<\/span><\/p><p><span style=\"font-weight: 400;\">\u00a0<\/span><\/p><p>Dise\u00f1amos proyectos enfocados en oportunidades de alto impacto que se alinean a los desaf\u00edos locales del agua y las prioridades de las comunidades locales. Adem\u00e1s, Agua Segura organiza programas de voluntariado corporativo para crear un espacio de colaboraci\u00f3n y sinergia entre las empresas, sus empleados y la comunidad a trav\u00e9s de proyectos de acceso al agua y restauraci\u00f3n de suelos.<\/p>\t\t\t\t\t\t\t\t<\/div>\n\t\t\t\t<\/div>\n\t\t\t\t<div class=\"elementor-element elementor-element-dbebc45 elementor-widget elementor-widget-text-editor\" data-id=\"dbebc45\" data-element_type=\"widget\" data-widget_type=\"text-editor.default\">\n\t\t\t\t<div class=\"elementor-widget-container\">\n\t\t\t\t\t\t\t\t\t<p>\u00bfQuieres ser l\u00edder en acceso y conservaci\u00f3n del agua?<\/p>\t\t\t\t\t\t\t\t<\/div>\n\t\t\t\t<\/div>\n\t\t\t\t<div class=\"elementor-element elementor-element-0f1b40b elementor-align-left elementor-widget elementor-widget-button\" data-id=\"0f1b40b\" data-element_type=\"widget\" data-widget_type=\"button.default\">\n\t\t\t\t<div class=\"elementor-widget-container\">\n\t\t\t\t\t\t\t\t\t<div class=\"elementor-button-wrapper\">\n\t\t\t\t\t<a class=\"elementor-button elementor-button-link elementor-size-sm\" href=\"https:\/\/aguasegura.com\/es\/#contact-us\">\n\t\t\t\t\t\t<span class=\"elementor-button-content-wrapper\">\n\t\t\t\t\t\t\t\t\t<span class=\"elementor-button-text\">Contactanos<\/span>\n\t\t\t\t\t<\/span>\n\t\t\t\t\t<\/a>\n\t\t\t\t<\/div>\n\t\t\t\t\t\t\t\t<\/div>\n\t\t\t\t<\/div>\n\t\t\t\t<\/div>\n\t\t\t\t\t<\/div>\n\t\t\t\t<\/div>\n\t\t<div class=\"elementor-element elementor-element-993033f e-con-full e-flex e-con e-parent\" data-id=\"993033f\" data-element_type=\"container\">\n\t\t\t\t<div class=\"elementor-element elementor-element-96aa9fa elementor-widget__width-initial elementor-widget elementor-widget-image\" data-id=\"96aa9fa\" data-element_type=\"widget\" data-widget_type=\"image.default\">\n\t\t\t\t<div class=\"elementor-widget-container\">\n\t\t\t\t\t\t\t\t\t\t\t\t\t\t\t<img decoding=\"async\" width=\"768\" height=\"635\" src=\"https:\/\/aguasegura.com\/wp-content\/uploads\/pexels-pixabay-163762-768x635.jpg\" class=\"attachment-medium_large size-medium_large wp-image-735\" alt=\"\" srcset=\"https:\/\/aguasegura.com\/wp-content\/uploads\/pexels-pixabay-163762-768x635.jpg 768w, https:\/\/aguasegura.com\/wp-content\/uploads\/pexels-pixabay-163762-1536x1269.jpg 1536w, https:\/\/aguasegura.com\/wp-content\/uploads\/pexels-pixabay-163762-2048x1692.jpg 2048w\" sizes=\"(max-width: 768px) 100vw, 768px\" \/>\t\t\t\t\t\t\t\t\t\t\t\t\t\t\t<\/div>\n\t\t\t\t<\/div>\n\t\t<div class=\"elementor-element elementor-element-0df1412 e-con-full e-flex e-con e-child\" data-id=\"0df1412\" data-element_type=\"container\">\n\t\t\t\t<div class=\"elementor-element elementor-element-1c7b09c elementor-widget__width-inherit elementor-widget elementor-widget-text-editor\" data-id=\"1c7b09c\" data-element_type=\"widget\" data-widget_type=\"text-editor.default\">\n\t\t\t\t<div class=\"elementor-widget-container\">\n\t\t\t\t\t\t\t\t\t<p><strong>Explora Wakais, nuestra plataforma<\/strong> dise\u00f1ada para impulsar la acci\u00f3n colectiva en la gesti\u00f3n del agua. <strong>Filtra proyectos en diferentes cuencas y categor\u00edas<\/strong>, listos para recibir nuevas inversiones o para expandir proyectos en curso. Haz clic aqu\u00ed para visitar Wakais y descubrir c\u00f3mo puedes contribuir.<\/p>\t\t\t\t\t\t\t\t<\/div>\n\t\t\t\t<\/div>\n\t\t\t\t<div class=\"elementor-element elementor-element-e5b0ba5 elementor-align-center elementor-widget elementor-widget-button\" data-id=\"e5b0ba5\" data-element_type=\"widget\" data-widget_type=\"button.default\">\n\t\t\t\t<div class=\"elementor-widget-container\">\n\t\t\t\t\t\t\t\t\t<div class=\"elementor-button-wrapper\">\n\t\t\t\t\t<a class=\"elementor-button elementor-button-link elementor-size-sm\" href=\"https:\/\/wakaiscom.wpcomstaging.com\/\" target=\"_blank\" rel=\"noopener\">\n\t\t\t\t\t\t<span class=\"elementor-button-content-wrapper\">\n\t\t\t\t\t\t\t\t\t<span class=\"elementor-button-text\">Descubre m\u00e1s aqu\u00ed<\/span>\n\t\t\t\t\t<\/span>\n\t\t\t\t\t<\/a>\n\t\t\t\t<\/div>\n\t\t\t\t\t\t\t\t<\/div>\n\t\t\t\t<\/div>\n\t\t\t\t<\/div>\n\t\t\t\t<div class=\"elementor-element elementor-element-b188d2f elementor-widget__width-initial elementor-widget elementor-widget-image\" data-id=\"b188d2f\" data-element_type=\"widget\" data-widget_type=\"image.default\">\n\t\t\t\t<div class=\"elementor-widget-container\">\n\t\t\t\t\t\t\t\t\t\t\t\t\t\t\t<img loading=\"lazy\" decoding=\"async\" width=\"768\" height=\"512\" src=\"https:\/\/aguasegura.com\/wp-content\/uploads\/wetland-g4355bda24_1280-768x512.jpg\" class=\"attachment-medium_large size-medium_large wp-image-731\" alt=\"\" srcset=\"https:\/\/aguasegura.com\/wp-content\/uploads\/wetland-g4355bda24_1280-768x512.jpg 768w, https:\/\/aguasegura.com\/wp-content\/uploads\/wetland-g4355bda24_1280.jpg 1280w\" sizes=\"(max-width: 768px) 100vw, 768px\" \/>\t\t\t\t\t\t\t\t\t\t\t\t\t\t\t<\/div>\n\t\t\t\t<\/div>\n\t\t\t\t<\/div>\n\t\t\t\t<\/div>","protected":false},"excerpt":{"rendered":"<p>Agua Segura supports businesses pursuing an ambition to have a positive impact on water Water management is business critical &#8220;Implementing and communicating water efficiency efforts can position companies as leaders in their community, achieve cost savings, enhance competitive advantage, and reduce risks associated with water scarcity.&#8221; Water Sense at Work, EPA (United States Environmental Protection &#8230; <a title=\"Empresas\" class=\"read-more\" href=\"https:\/\/aguasegura.com\/es\/companies\/\" aria-label=\"Leer m\u00e1s sobre Companies\">Leer m\u00e1s<\/a><\/p>","protected":false},"author":1,"featured_media":0,"parent":0,"menu_order":4,"comment_status":"closed","ping_status":"closed","template":"","meta":{"_acf_changed":false,"iawp_total_views":1244,"footnotes":""},"class_list":["post-35","page","type-page","status-publish"],"acf":[],"_links":{"self":[{"href":"https:\/\/aguasegura.com\/es\/wp-json\/wp\/v2\/pages\/35","targetHints":{"allow":["GET"]}}],"collection":[{"href":"https:\/\/aguasegura.com\/es\/wp-json\/wp\/v2\/pages"}],"about":[{"href":"https:\/\/aguasegura.com\/es\/wp-json\/wp\/v2\/types\/page"}],"author":[{"embeddable":true,"href":"https:\/\/aguasegura.com\/es\/wp-json\/wp\/v2\/users\/1"}],"replies":[{"embeddable":true,"href":"https:\/\/aguasegura.com\/es\/wp-json\/wp\/v2\/comments?post=35"}],"version-history":[{"count":0,"href":"https:\/\/aguasegura.com\/es\/wp-json\/wp\/v2\/pages\/35\/revisions"}],"wp:attachment":[{"href":"https:\/\/aguasegura.com\/es\/wp-json\/wp\/v2\/media?parent=35"}],"curies":[{"name":"wp","href":"https:\/\/api.w.org\/{rel}","templated":true}]}}