{"id":37,"date":"2024-08-11T20:48:52","date_gmt":"2024-08-11T23:48:52","guid":{"rendered":"https:\/\/aguasegura.com\/?page_id=37"},"modified":"2024-08-20T16:41:28","modified_gmt":"2024-08-20T19:41:28","slug":"partnerships","status":"publish","type":"page","link":"https:\/\/aguasegura.com\/es\/partnerships\/","title":{"rendered":"Aliados"},"content":{"rendered":"<div data-elementor-type=\"wp-page\" data-elementor-id=\"37\" class=\"elementor elementor-37\" data-elementor-post-type=\"page\">\n\t\t\t\t<div class=\"elementor-element elementor-element-ab259ff e-flex e-con-boxed e-con e-parent\" data-id=\"ab259ff\" data-element_type=\"container\" data-settings=\"{&quot;background_background&quot;:&quot;classic&quot;}\">\n\t\t\t\t\t<div class=\"e-con-inner\">\n\t\t\t\t<div class=\"elementor-element elementor-element-95f8202 elementor-widget__width-initial elementor-widget elementor-widget-heading\" data-id=\"95f8202\" data-element_type=\"widget\" data-widget_type=\"heading.default\">\n\t\t\t\t<div class=\"elementor-widget-container\">\n\t\t\t\t\t<h2 class=\"elementor-heading-title elementor-size-default\">Trabajamos junto a <span style=\"font-weight:600\">organizaciones que implementan soluciones innovadoras<\/span> para los desaf\u00edos del agua<\/h2>\t\t\t\t<\/div>\n\t\t\t\t<\/div>\n\t\t\t\t\t<\/div>\n\t\t\t\t<\/div>\n\t\t<div class=\"elementor-element elementor-element-246f549 e-flex e-con-boxed e-con e-parent\" data-id=\"246f549\" data-element_type=\"container\">\n\t\t\t\t\t<div class=\"e-con-inner\">\n\t\t<div class=\"elementor-element elementor-element-8dc5880 e-con-full e-flex e-con e-child\" data-id=\"8dc5880\" data-element_type=\"container\">\n\t\t\t\t<div class=\"elementor-element elementor-element-5a145bc elementor-absolute elementor-widget elementor-widget-image\" data-id=\"5a145bc\" data-element_type=\"widget\" data-settings=\"{&quot;_position&quot;:&quot;absolute&quot;}\" data-widget_type=\"image.default\">\n\t\t\t\t<div class=\"elementor-widget-container\">\n\t\t\t\t\t\t\t\t\t\t\t\t\t\t\t<img decoding=\"async\" width=\"56\" height=\"46\" src=\"https:\/\/aguasegura.com\/wp-content\/uploads\/unnamed-file.png\" class=\"attachment-medium_large size-medium_large wp-image-1100\" alt=\"\" srcset=\"https:\/\/aguasegura.com\/wp-content\/uploads\/unnamed-file.png 56w, https:\/\/aguasegura.com\/wp-content\/uploads\/unnamed-file-15x12.png 15w\" sizes=\"(max-width: 56px) 100vw, 56px\" \/>\t\t\t\t\t\t\t\t\t\t\t\t\t\t\t<\/div>\n\t\t\t\t<\/div>\n\t\t\t\t<div class=\"elementor-element elementor-element-97fcce5 elementor-widget__width-initial elementor-widget elementor-widget-text-editor\" data-id=\"97fcce5\" data-element_type=\"widget\" data-widget_type=\"text-editor.default\">\n\t\t\t\t<div class=\"elementor-widget-container\">\n\t\t\t\t\t\t\t\t\t<span style=\"z-index: 5;\">Los esfuerzos colectivos, a trav\u00e9s de sectores y esferas sociales, son esenciales para abordar el desaf\u00edo del agua. La colaboraci\u00f3n entre m\u00faltiples partes interesadas puede realizar sinergias de experiencia, capacidades y recursos significativos para enfrentar la sostenibilidad del agua.<\/span><img decoding=\"async\" class=\"alignnone size-full wp-image-1101\" src=\"https:\/\/aguasegura.com\/wp-content\/uploads\/unnamed-file-1.png\" alt=\"\" width=\"56\" height=\"46\" srcset=\"https:\/\/aguasegura.com\/wp-content\/uploads\/unnamed-file-1.png 56w, https:\/\/aguasegura.com\/wp-content\/uploads\/unnamed-file-1-15x12.png 15w\" sizes=\"(max-width: 56px) 100vw, 56px\" \/>\t\t\t\t\t\t\t\t<\/div>\n\t\t\t\t<\/div>\n\t\t\t\t<\/div>\n\t\t\t\t<div class=\"elementor-element elementor-element-525975b elementor-widget elementor-widget-text-editor\" data-id=\"525975b\" data-element_type=\"widget\" data-widget_type=\"text-editor.default\">\n\t\t\t\t<div class=\"elementor-widget-container\">\n\t\t\t\t\t\t\t\t\t<p><strong>CEO Water Mandate\u200b<\/strong><\/p>\t\t\t\t\t\t\t\t<\/div>\n\t\t\t\t<\/div>\n\t\t\t\t\t<\/div>\n\t\t\t\t<\/div>\n\t\t<div class=\"elementor-element elementor-element-6c88d9b e-flex e-con-boxed e-con e-parent\" data-id=\"6c88d9b\" data-element_type=\"container\" data-settings=\"{&quot;background_background&quot;:&quot;classic&quot;}\">\n\t\t\t\t\t<div class=\"e-con-inner\">\n\t\t<div class=\"elementor-element elementor-element-d78bd58 e-con-full e-flex e-con e-child\" data-id=\"d78bd58\" data-element_type=\"container\" data-settings=\"{&quot;background_background&quot;:&quot;classic&quot;}\">\n\t\t<div class=\"elementor-element elementor-element-8470805 e-con-full e-flex e-con e-child\" data-id=\"8470805\" data-element_type=\"container\">\n\t\t\t\t<div class=\"elementor-element elementor-element-ac26a0d elementor-widget elementor-widget-heading\" data-id=\"ac26a0d\" data-element_type=\"widget\" data-widget_type=\"heading.default\">\n\t\t\t\t<div class=\"elementor-widget-container\">\n\t\t\t\t\t<h3 class=\"elementor-heading-title elementor-size-default\">Las alianzas locales son fundamentales para abordar los desaf\u00edos compartidos del agua<\/h3>\t\t\t\t<\/div>\n\t\t\t\t<\/div>\n\t\t\t\t<div class=\"elementor-element elementor-element-feaf2d0 elementor-widget elementor-widget-text-editor\" data-id=\"feaf2d0\" data-element_type=\"widget\" data-widget_type=\"text-editor.default\">\n\t\t\t\t<div class=\"elementor-widget-container\">\n\t\t\t\t\t\t\t\t\t<p><span style=\"font-weight: 400;\">La crisis del agua es un problema global que necesita soluciones locales. Nos asociamos con organizaciones locales, comunidades y gobiernos para dise\u00f1ar e implementar proyectos de agua a nivel local.<\/span><\/p>\t\t\t\t\t\t\t\t<\/div>\n\t\t\t\t<\/div>\n\t\t\t\t<\/div>\n\t\t<div class=\"elementor-element elementor-element-a1ed6a5 e-con-full e-flex e-con e-child\" data-id=\"a1ed6a5\" data-element_type=\"container\" data-settings=\"{&quot;background_background&quot;:&quot;classic&quot;}\">\n\t\t\t\t<\/div>\n\t\t\t\t<\/div>\n\t\t<div class=\"elementor-element elementor-element-e0e9505 e-con-full e-flex e-con e-child\" data-id=\"e0e9505\" data-element_type=\"container\">\n\t\t<div class=\"elementor-element elementor-element-f31dd5e e-con-full e-flex e-con e-child\" data-id=\"f31dd5e\" data-element_type=\"container\">\n\t\t<div class=\"elementor-element elementor-element-14bb419 e-con-full e-flex e-con e-child\" data-id=\"14bb419\" data-element_type=\"container\" data-settings=\"{&quot;background_background&quot;:&quot;classic&quot;}\">\n\t\t\t\t<\/div>\n\t\t<div class=\"elementor-element elementor-element-cc7141e e-con-full e-flex e-con e-child\" data-id=\"cc7141e\" data-element_type=\"container\" data-settings=\"{&quot;background_background&quot;:&quot;classic&quot;}\">\n\t\t\t\t<div class=\"elementor-element elementor-element-68d2046 elementor-widget elementor-widget-heading\" data-id=\"68d2046\" data-element_type=\"widget\" data-widget_type=\"heading.default\">\n\t\t\t\t<div class=\"elementor-widget-container\">\n\t\t\t\t\t<h3 class=\"elementor-heading-title elementor-size-default\">S\u00famate a la red de Agua Segura<\/h3>\t\t\t\t<\/div>\n\t\t\t\t<\/div>\n\t\t\t\t<div class=\"elementor-element elementor-element-758005a elementor-widget elementor-widget-text-editor\" data-id=\"758005a\" data-element_type=\"widget\" data-widget_type=\"text-editor.default\">\n\t\t\t\t<div class=\"elementor-widget-container\">\n\t\t\t\t\t\t\t\t\t<p><span style=\"font-weight: 400;\">Co-creamos estas iniciativas con nuestros socios para acelerar nuestra misi\u00f3n compartida y asegurar que nuestros proyectos de reposici\u00f3n se alineen con los desaf\u00edos locales del agua y las necesidades de la comunidad.<\/span><\/p>\t\t\t\t\t\t\t\t<\/div>\n\t\t\t\t<\/div>\n\t\t\t\t<\/div>\n\t\t\t\t<\/div>\n\t\t\t\t<\/div>\n\t\t\t\t\t<\/div>\n\t\t\t\t<\/div>\n\t\t<div class=\"elementor-element elementor-element-cd8e92c e-flex e-con-boxed e-con e-parent\" data-id=\"cd8e92c\" data-element_type=\"container\" data-settings=\"{&quot;background_background&quot;:&quot;classic&quot;}\">\n\t\t\t\t\t<div class=\"e-con-inner\">\n\t\t\t\t<div class=\"elementor-element elementor-element-c009763 elementor-widget elementor-widget-heading\" data-id=\"c009763\" data-element_type=\"widget\" data-widget_type=\"heading.default\">\n\t\t\t\t<div class=\"elementor-widget-container\">\n\t\t\t\t\t<h2 class=\"elementor-heading-title elementor-size-default\">Te apoyamos en el desarrollo de proyectos\u00a0<\/h2>\t\t\t\t<\/div>\n\t\t\t\t<\/div>\n\t\t<div class=\"elementor-element elementor-element-22fee65 e-con-full e-flex e-con e-child\" data-id=\"22fee65\" data-element_type=\"container\">\n\t\t<div class=\"elementor-element elementor-element-f5c7d3e e-con-full e-flex e-con e-child\" data-id=\"f5c7d3e\" data-element_type=\"container\" data-settings=\"{&quot;background_background&quot;:&quot;classic&quot;}\">\n\t\t\t\t<div class=\"elementor-element elementor-element-8e27b72 elementor-widget elementor-widget-heading\" data-id=\"8e27b72\" data-element_type=\"widget\" data-widget_type=\"heading.default\">\n\t\t\t\t<div class=\"elementor-widget-container\">\n\t\t\t\t\t<h3 class=\"elementor-heading-title elementor-size-default\">Dise\u00f1o del proyecto<\/h3>\t\t\t\t<\/div>\n\t\t\t\t<\/div>\n\t\t\t\t<div class=\"elementor-element elementor-element-d0ef092 elementor-widget elementor-widget-text-editor\" data-id=\"d0ef092\" data-element_type=\"widget\" data-widget_type=\"text-editor.default\">\n\t\t\t\t<div class=\"elementor-widget-container\">\n\t\t\t\t\t\t\t\t\t<p>Te asistimos en el dise\u00f1o de tu proyecto para asegurar que alcance resultados medibles en la cuenca e impacto en la comunidad. Utilizamos enfoques basados en ciencia para estimar los beneficios volum\u00e9tricos del agua mediante la metodolog\u00eda VWBA.<\/p>\t\t\t\t\t\t\t\t<\/div>\n\t\t\t\t<\/div>\n\t\t\t\t<\/div>\n\t\t<div class=\"elementor-element elementor-element-31cb876 e-con-full e-flex e-con e-child\" data-id=\"31cb876\" data-element_type=\"container\" data-settings=\"{&quot;background_background&quot;:&quot;classic&quot;}\">\n\t\t\t\t<div class=\"elementor-element elementor-element-935a9cb elementor-widget elementor-widget-heading\" data-id=\"935a9cb\" data-element_type=\"widget\" data-widget_type=\"heading.default\">\n\t\t\t\t<div class=\"elementor-widget-container\">\n\t\t\t\t\t<h3 class=\"elementor-heading-title elementor-size-default\">Obtenci\u00f3n de financiamiento<\/h3>\t\t\t\t<\/div>\n\t\t\t\t<\/div>\n\t\t\t\t<div class=\"elementor-element elementor-element-9c56167 elementor-widget elementor-widget-text-editor\" data-id=\"9c56167\" data-element_type=\"widget\" data-widget_type=\"text-editor.default\">\n\t\t\t\t<div class=\"elementor-widget-container\">\n\t\t\t\t\t\t\t\t\t<p><span style=\"font-weight: 400;\">Agua Segura utiliza su red para mejorar la visibilidad de tu organizaci\u00f3n y facilitar el acceso a oportunidades de financiamiento para tu proyecto. Te conectamos con posibles financiadores para apoyar tus iniciativas.<\/span><\/p>\t\t\t\t\t\t\t\t<\/div>\n\t\t\t\t<\/div>\n\t\t\t\t<\/div>\n\t\t<div class=\"elementor-element elementor-element-32c00bb e-con-full e-flex e-con e-child\" data-id=\"32c00bb\" data-element_type=\"container\" data-settings=\"{&quot;background_background&quot;:&quot;classic&quot;}\">\n\t\t\t\t<div class=\"elementor-element elementor-element-f517896 elementor-widget elementor-widget-heading\" data-id=\"f517896\" data-element_type=\"widget\" data-widget_type=\"heading.default\">\n\t\t\t\t<div class=\"elementor-widget-container\">\n\t\t\t\t\t<h3 class=\"elementor-heading-title elementor-size-default\">Monitoreo<\/h3>\t\t\t\t<\/div>\n\t\t\t\t<\/div>\n\t\t\t\t<div class=\"elementor-element elementor-element-77d8596 elementor-widget elementor-widget-text-editor\" data-id=\"77d8596\" data-element_type=\"widget\" data-widget_type=\"text-editor.default\">\n\t\t\t\t<div class=\"elementor-widget-container\">\n\t\t\t\t\t\t\t\t\t<p><span style=\"font-weight: 400;\">Recibe apoyo integral en la monitorizaci\u00f3n y reporte de resultados a largo plazo. Agua Segura gestiona a todos los stakeholders involucrados en el proyecto para asegurar una coordinaci\u00f3n efectiva y un impacto sostenido.<\/span><\/p>\t\t\t\t\t\t\t\t<\/div>\n\t\t\t\t<\/div>\n\t\t\t\t<\/div>\n\t\t\t\t<\/div>\n\t\t\t\t\t<\/div>\n\t\t\t\t<\/div>\n\t\t<div class=\"elementor-element elementor-element-fe3ec11 e-flex e-con-boxed e-con e-parent\" data-id=\"fe3ec11\" data-element_type=\"container\">\n\t\t\t\t\t<div class=\"e-con-inner\">\n\t\t\t\t<div class=\"elementor-element elementor-element-41988e9 elementor-widget__width-initial elementor-widget elementor-widget-text-editor\" data-id=\"41988e9\" data-element_type=\"widget\" data-widget_type=\"text-editor.default\">\n\t\t\t\t<div class=\"elementor-widget-container\">\n\t\t\t\t\t\t\t\t\tTrabajamos globalmente con partners expertos en soluciones locales que tienen impacto en el acceso, gesti\u00f3n y eficiencia del agua a trav\u00e9s de diferentes actividades:\t\t\t\t\t\t\t\t<\/div>\n\t\t\t\t<\/div>\n\t\t\t\t<div class=\"elementor-element elementor-element-ad76a85 elementor-hidden-mobile elementor-widget elementor-widget-image\" data-id=\"ad76a85\" data-element_type=\"widget\" data-widget_type=\"image.default\">\n\t\t\t\t<div class=\"elementor-widget-container\">\n\t\t\t\t\t\t\t\t\t\t\t\t\t\t\t<img fetchpriority=\"high\" decoding=\"async\" width=\"1536\" height=\"843\" src=\"https:\/\/aguasegura.com\/wp-content\/uploads\/Group-190-1.png\" class=\"attachment-1536x1536 size-1536x1536 wp-image-1017\" alt=\"\" srcset=\"https:\/\/aguasegura.com\/wp-content\/uploads\/Group-190-1.png 3216w, https:\/\/aguasegura.com\/wp-content\/uploads\/Group-190-1-768x421.png 768w, https:\/\/aguasegura.com\/wp-content\/uploads\/Group-190-1-1536x843.png 1536w, https:\/\/aguasegura.com\/wp-content\/uploads\/Group-190-1-2048x1123.png 2048w\" sizes=\"(max-width: 1536px) 100vw, 1536px\" \/>\t\t\t\t\t\t\t\t\t\t\t\t\t\t\t<\/div>\n\t\t\t\t<\/div>\n\t\t\t\t<div class=\"elementor-element elementor-element-0394478 elementor-hidden-widescreen elementor-hidden-desktop elementor-hidden-laptop elementor-hidden-tablet_extra elementor-hidden-tablet elementor-hidden-mobile_extra elementor-widget elementor-widget-image\" data-id=\"0394478\" data-element_type=\"widget\" data-widget_type=\"image.default\">\n\t\t\t\t<div class=\"elementor-widget-container\">\n\t\t\t\t\t\t\t\t\t\t\t\t\t\t\t<img loading=\"lazy\" decoding=\"async\" width=\"606\" height=\"455\" src=\"https:\/\/aguasegura.com\/wp-content\/uploads\/graf-Global-Partnerships-mobile.png\" class=\"attachment-1536x1536 size-1536x1536 wp-image-1018\" alt=\"\" srcset=\"https:\/\/aguasegura.com\/wp-content\/uploads\/graf-Global-Partnerships-mobile.png 606w, https:\/\/aguasegura.com\/wp-content\/uploads\/graf-Global-Partnerships-mobile-16x12.png 16w\" sizes=\"(max-width: 606px) 100vw, 606px\" \/>\t\t\t\t\t\t\t\t\t\t\t\t\t\t\t<\/div>\n\t\t\t\t<\/div>\n\t\t<div class=\"elementor-element elementor-element-aefb235 e-con-full e-flex e-con e-child\" data-id=\"aefb235\" data-element_type=\"container\">\n\t\t\t\t<div class=\"elementor-element elementor-element-a7f155c elementor-widget__width-initial elementor-widget-tablet__width-initial elementor-widget elementor-widget-text-editor\" data-id=\"a7f155c\" data-element_type=\"widget\" data-widget_type=\"text-editor.default\">\n\t\t\t\t<div class=\"elementor-widget-container\">\n\t\t\t\t\t\t\t\t\t<p>\u00bfPuede tu organizaci\u00f3n desarrollar un proyecto de agua?<\/p>\t\t\t\t\t\t\t\t<\/div>\n\t\t\t\t<\/div>\n\t\t\t\t<div class=\"elementor-element elementor-element-fe58c5c elementor-widget elementor-widget-button\" data-id=\"fe58c5c\" data-element_type=\"widget\" data-widget_type=\"button.default\">\n\t\t\t\t<div class=\"elementor-widget-container\">\n\t\t\t\t\t\t\t\t\t<div class=\"elementor-button-wrapper\">\n\t\t\t\t\t<a class=\"elementor-button elementor-button-link elementor-size-sm\" href=\"#contact-us\">\n\t\t\t\t\t\t<span class=\"elementor-button-content-wrapper\">\n\t\t\t\t\t\t\t\t\t<span class=\"elementor-button-text\">Contactanos<\/span>\n\t\t\t\t\t<\/span>\n\t\t\t\t\t<\/a>\n\t\t\t\t<\/div>\n\t\t\t\t\t\t\t\t<\/div>\n\t\t\t\t<\/div>\n\t\t\t\t<\/div>\n\t\t\t\t\t<\/div>\n\t\t\t\t<\/div>\n\t\t<div class=\"elementor-element elementor-element-fad1692 e-flex e-con-boxed e-con e-parent\" data-id=\"fad1692\" data-element_type=\"container\">\n\t\t\t\t\t<div class=\"e-con-inner\">\n\t\t<div class=\"elementor-element elementor-element-d989244 e-con-full e-flex e-con e-child\" data-id=\"d989244\" data-element_type=\"container\">\n\t\t\t\t<div class=\"elementor-element elementor-element-cb3cddd elementor-widget elementor-widget-heading\" data-id=\"cb3cddd\" data-element_type=\"widget\" data-widget_type=\"heading.default\">\n\t\t\t\t<div class=\"elementor-widget-container\">\n\t\t\t\t\t<h3 class=\"elementor-heading-title elementor-size-default\">Accede a Wakais, nuestra plataforma para enfrentar los desaf\u00edos del agua a trav\u00e9s de la acci\u00f3n colectiva.<\/h3>\t\t\t\t<\/div>\n\t\t\t\t<\/div>\n\t\t\t\t<div class=\"elementor-element elementor-element-a1d9643 elementor-widget elementor-widget-text-editor\" data-id=\"a1d9643\" data-element_type=\"widget\" data-widget_type=\"text-editor.default\">\n\t\t\t\t<div class=\"elementor-widget-container\">\n\t\t\t\t\t\t\t\t\t<p>Da visibilidad a tus proyectos en diversas cuencas y categor\u00edas, y colabora con otras organizaciones y financiadores. Haz clic aqu\u00ed para explorar Wakais y compartir tus iniciativas.<\/p>\t\t\t\t\t\t\t\t<\/div>\n\t\t\t\t<\/div>\n\t\t\t\t<div class=\"elementor-element elementor-element-2490160 elementor-align-left elementor-widget elementor-widget-button\" data-id=\"2490160\" data-element_type=\"widget\" data-widget_type=\"button.default\">\n\t\t\t\t<div class=\"elementor-widget-container\">\n\t\t\t\t\t\t\t\t\t<div class=\"elementor-button-wrapper\">\n\t\t\t\t\t<a class=\"elementor-button elementor-button-link elementor-size-sm\" href=\"https:\/\/wakaiscom.wpcomstaging.com\/\" target=\"_blank\" rel=\"noopener\">\n\t\t\t\t\t\t<span class=\"elementor-button-content-wrapper\">\n\t\t\t\t\t\t\t\t\t<span class=\"elementor-button-text\">Descubre m\u00e1s aqu\u00ed<\/span>\n\t\t\t\t\t<\/span>\n\t\t\t\t\t<\/a>\n\t\t\t\t<\/div>\n\t\t\t\t\t\t\t\t<\/div>\n\t\t\t\t<\/div>\n\t\t\t\t<\/div>\n\t\t<div class=\"elementor-element elementor-element-da812d0 e-con-full e-flex e-con e-child\" data-id=\"da812d0\" data-element_type=\"container\">\n\t\t<div class=\"elementor-element elementor-element-4f56650 e-con-full e-flex e-con e-child\" data-id=\"4f56650\" data-element_type=\"container\">\n\t\t\t\t<div class=\"elementor-element elementor-element-8e0e316 elementor-widget elementor-widget-image\" data-id=\"8e0e316\" data-element_type=\"widget\" data-widget_type=\"image.default\">\n\t\t\t\t<div class=\"elementor-widget-container\">\n\t\t\t\t\t\t\t\t\t\t\t\t\t\t\t<img loading=\"lazy\" decoding=\"async\" width=\"768\" height=\"512\" src=\"https:\/\/aguasegura.com\/wp-content\/uploads\/PAS-Andromaco-16-3-768x512.jpg\" class=\"attachment-medium_large size-medium_large wp-image-825\" alt=\"\" srcset=\"https:\/\/aguasegura.com\/wp-content\/uploads\/PAS-Andromaco-16-3-768x512.jpg 768w, https:\/\/aguasegura.com\/wp-content\/uploads\/PAS-Andromaco-16-3-1536x1024.jpg 1536w, https:\/\/aguasegura.com\/wp-content\/uploads\/PAS-Andromaco-16-3-2048x1366.jpg 2048w\" sizes=\"(max-width: 768px) 100vw, 768px\" \/>\t\t\t\t\t\t\t\t\t\t\t\t\t\t\t<\/div>\n\t\t\t\t<\/div>\n\t\t\t\t<div class=\"elementor-element elementor-element-56031ba elementor-widget elementor-widget-image\" data-id=\"56031ba\" data-element_type=\"widget\" data-widget_type=\"image.default\">\n\t\t\t\t<div class=\"elementor-widget-container\">\n\t\t\t\t\t\t\t\t\t\t\t\t\t\t\t<img loading=\"lazy\" decoding=\"async\" width=\"768\" height=\"511\" src=\"https:\/\/aguasegura.com\/wp-content\/uploads\/AdobeStock_290923202-768x511.jpg\" class=\"attachment-medium_large size-medium_large wp-image-824\" alt=\"\" srcset=\"https:\/\/aguasegura.com\/wp-content\/uploads\/AdobeStock_290923202-768x511.jpg 768w, https:\/\/aguasegura.com\/wp-content\/uploads\/AdobeStock_290923202-1536x1022.jpg 1536w, https:\/\/aguasegura.com\/wp-content\/uploads\/AdobeStock_290923202-2048x1363.jpg 2048w\" sizes=\"(max-width: 768px) 100vw, 768px\" \/>\t\t\t\t\t\t\t\t\t\t\t\t\t\t\t<\/div>\n\t\t\t\t<\/div>\n\t\t\t\t<\/div>\n\t\t<div class=\"elementor-element elementor-element-d189878 e-con-full e-flex e-con e-child\" data-id=\"d189878\" data-element_type=\"container\">\n\t\t\t\t<div class=\"elementor-element elementor-element-08783a5 elementor-widget elementor-widget-image\" data-id=\"08783a5\" data-element_type=\"widget\" data-widget_type=\"image.default\">\n\t\t\t\t<div class=\"elementor-widget-container\">\n\t\t\t\t\t\t\t\t\t\t\t\t\t\t\t<img loading=\"lazy\" decoding=\"async\" width=\"1620\" height=\"1080\" src=\"https:\/\/aguasegura.com\/wp-content\/uploads\/IMG_0856-1.jpg\" class=\"attachment-large size-large wp-image-822\" alt=\"\" srcset=\"https:\/\/aguasegura.com\/wp-content\/uploads\/IMG_0856-1.jpg 1620w, https:\/\/aguasegura.com\/wp-content\/uploads\/IMG_0856-1-768x512.jpg 768w, https:\/\/aguasegura.com\/wp-content\/uploads\/IMG_0856-1-1536x1024.jpg 1536w\" sizes=\"(max-width: 1620px) 100vw, 1620px\" \/>\t\t\t\t\t\t\t\t\t\t\t\t\t\t\t<\/div>\n\t\t\t\t<\/div>\n\t\t\t\t<\/div>\n\t\t\t\t<\/div>\n\t\t\t\t\t<\/div>\n\t\t\t\t<\/div>\n\t\t\t\t<\/div>","protected":false},"excerpt":{"rendered":"<p>We work alongside organizations that implement innovative solutions to water challenges Collective efforts \u2013 across sectors and societal spheres \u2013 are essential in addressing the water challenge. Multi-stakeholder collaboration can draw on significant expertise, capacities, and resources to tackle water sustainability. CEO Water Mandate\u200b Local partnerships are central to addressing shared water challenges Water crisis &#8230; <a title=\"Aliados\" class=\"read-more\" href=\"https:\/\/aguasegura.com\/es\/partnerships\/\" aria-label=\"Leer m\u00e1s sobre Partnerships\">Leer m\u00e1s<\/a><\/p>","protected":false},"author":1,"featured_media":0,"parent":0,"menu_order":5,"comment_status":"closed","ping_status":"closed","template":"","meta":{"_acf_changed":false,"iawp_total_views":1125,"footnotes":""},"class_list":["post-37","page","type-page","status-publish"],"acf":[],"_links":{"self":[{"href":"https:\/\/aguasegura.com\/es\/wp-json\/wp\/v2\/pages\/37","targetHints":{"allow":["GET"]}}],"collection":[{"href":"https:\/\/aguasegura.com\/es\/wp-json\/wp\/v2\/pages"}],"about":[{"href":"https:\/\/aguasegura.com\/es\/wp-json\/wp\/v2\/types\/page"}],"author":[{"embeddable":true,"href":"https:\/\/aguasegura.com\/es\/wp-json\/wp\/v2\/users\/1"}],"replies":[{"embeddable":true,"href":"https:\/\/aguasegura.com\/es\/wp-json\/wp\/v2\/comments?post=37"}],"version-history":[{"count":0,"href":"https:\/\/aguasegura.com\/es\/wp-json\/wp\/v2\/pages\/37\/revisions"}],"wp:attachment":[{"href":"https:\/\/aguasegura.com\/es\/wp-json\/wp\/v2\/media?parent=37"}],"curies":[{"name":"wp","href":"https:\/\/api.w.org\/{rel}","templated":true}]}}